{"id":322498,"date":"2025-11-18T11:05:38","date_gmt":"2025-11-18T11:05:38","guid":{"rendered":"https:\/\/www.sigga.com\/?page_id=322498"},"modified":"2026-04-20T12:33:11","modified_gmt":"2026-04-20T12:33:11","slug":"articles","status":"publish","type":"page","link":"https:\/\/www.sigga.com\/pt-br\/resources\/articles\/","title":{"rendered":"Artigos"},"content":{"rendered":"","protected":false},"excerpt":{"rendered":"","protected":false},"author":1,"featured_media":892,"parent":832,"menu_order":0,"comment_status":"closed","ping_status":"closed","template":"","meta":{"inline_featured_image":false,"footnotes":""},"class_list":["post-322498","page","type-page","status-publish","has-post-thumbnail","hentry"],"yoast_head":"<!-- This site is optimized with the Yoast SEO plugin v27.3 - https:\/\/yoast.com\/product\/yoast-seo-wordpress\/ -->\n<title>Articles - Sigga Technologies<\/title>\n<meta name=\"description\" content=\"Knowledge is power. Check out our blogs and whitepapers on operations management for asset intensive industries with SAP EAM.\" \/>\n<meta name=\"robots\" content=\"index, follow, max-snippet:-1, max-image-preview:large, max-video-preview:-1\" \/>\n<link rel=\"canonical\" href=\"https:\/\/www.sigga.com\/pt-br\/resources\/articles\/\" \/>\n<meta property=\"og:locale\" content=\"pt_BR\" \/>\n<meta property=\"og:type\" content=\"article\" \/>\n<meta property=\"og:title\" content=\"Articles - Sigga Technologies\" \/>\n<meta property=\"og:description\" content=\"Knowledge is power. Check out our blogs and whitepapers on operations management for asset intensive industries with SAP EAM.\" \/>\n<meta property=\"og:url\" content=\"https:\/\/www.sigga.com\/pt-br\/resources\/articles\/\" \/>\n<meta property=\"og:site_name\" content=\"Sigga Technologies\" \/>\n<meta property=\"article:modified_time\" content=\"2026-04-20T12:33:11+00:00\" \/>\n<meta property=\"og:image\" content=\"https:\/\/www.sigga.com\/wp-content\/uploads\/2024\/05\/Cover_Article_7-Maintenance-Planning-Mistakes-to-Avoid.jpg\" \/>\n\t<meta property=\"og:image:width\" content=\"600\" \/>\n\t<meta property=\"og:image:height\" content=\"425\" \/>\n\t<meta property=\"og:image:type\" content=\"image\/jpeg\" \/>\n<meta name=\"twitter:card\" content=\"summary_large_image\" \/>\n<meta name=\"twitter:label1\" content=\"Est. tempo de leitura\" \/>\n\t<meta name=\"twitter:data1\" content=\"1 minuto\" \/>\n<script type=\"application\/ld+json\" class=\"yoast-schema-graph\">{\"@context\":\"https:\\\/\\\/schema.org\",\"@graph\":[{\"@type\":\"WebPage\",\"@id\":\"https:\\\/\\\/www.sigga.com\\\/resources\\\/articles\\\/\",\"url\":\"https:\\\/\\\/www.sigga.com\\\/resources\\\/articles\\\/\",\"name\":\"Articles - Sigga Technologies\",\"isPartOf\":{\"@id\":\"https:\\\/\\\/www.sigga.com\\\/#website\"},\"primaryImageOfPage\":{\"@id\":\"https:\\\/\\\/www.sigga.com\\\/resources\\\/articles\\\/#primaryimage\"},\"image\":{\"@id\":\"https:\\\/\\\/www.sigga.com\\\/resources\\\/articles\\\/#primaryimage\"},\"thumbnailUrl\":\"https:\\\/\\\/www.sigga.com\\\/wp-content\\\/uploads\\\/2024\\\/05\\\/Cover_Article_7-Maintenance-Planning-Mistakes-to-Avoid.jpg\",\"datePublished\":\"2025-11-18T11:05:38+00:00\",\"dateModified\":\"2026-04-20T12:33:11+00:00\",\"description\":\"Knowledge is power. Check out our blogs and whitepapers on operations management for asset intensive industries with SAP EAM.\",\"breadcrumb\":{\"@id\":\"https:\\\/\\\/www.sigga.com\\\/resources\\\/articles\\\/#breadcrumb\"},\"inLanguage\":\"pt-BR\",\"potentialAction\":[{\"@type\":\"ReadAction\",\"target\":[\"https:\\\/\\\/www.sigga.com\\\/resources\\\/articles\\\/\"]}]},{\"@type\":\"ImageObject\",\"inLanguage\":\"pt-BR\",\"@id\":\"https:\\\/\\\/www.sigga.com\\\/resources\\\/articles\\\/#primaryimage\",\"url\":\"https:\\\/\\\/www.sigga.com\\\/wp-content\\\/uploads\\\/2024\\\/05\\\/Cover_Article_7-Maintenance-Planning-Mistakes-to-Avoid.jpg\",\"contentUrl\":\"https:\\\/\\\/www.sigga.com\\\/wp-content\\\/uploads\\\/2024\\\/05\\\/Cover_Article_7-Maintenance-Planning-Mistakes-to-Avoid.jpg\",\"width\":600,\"height\":425},{\"@type\":\"BreadcrumbList\",\"@id\":\"https:\\\/\\\/www.sigga.com\\\/resources\\\/articles\\\/#breadcrumb\",\"itemListElement\":[{\"@type\":\"ListItem\",\"position\":1,\"name\":\"Home\",\"item\":\"https:\\\/\\\/www.sigga.com\\\/\"},{\"@type\":\"ListItem\",\"position\":2,\"name\":\"Resources\",\"item\":\"https:\\\/\\\/www.sigga.com\\\/resources\\\/\"},{\"@type\":\"ListItem\",\"position\":3,\"name\":\"Articles\"}]},{\"@type\":\"WebSite\",\"@id\":\"https:\\\/\\\/www.sigga.com\\\/#website\",\"url\":\"https:\\\/\\\/www.sigga.com\\\/\",\"name\":\"Sigga Technologies\",\"description\":\"\",\"publisher\":{\"@id\":\"https:\\\/\\\/www.sigga.com\\\/#organization\"},\"potentialAction\":[{\"@type\":\"SearchAction\",\"target\":{\"@type\":\"EntryPoint\",\"urlTemplate\":\"https:\\\/\\\/www.sigga.com\\\/?s={search_term_string}\"},\"query-input\":{\"@type\":\"PropertyValueSpecification\",\"valueRequired\":true,\"valueName\":\"search_term_string\"}}],\"inLanguage\":\"pt-BR\"},{\"@type\":\"Organization\",\"@id\":\"https:\\\/\\\/www.sigga.com\\\/#organization\",\"name\":\"Sigga Technologies\",\"url\":\"https:\\\/\\\/www.sigga.com\\\/\",\"logo\":{\"@type\":\"ImageObject\",\"inLanguage\":\"pt-BR\",\"@id\":\"https:\\\/\\\/www.sigga.com\\\/#\\\/schema\\\/logo\\\/image\\\/\",\"url\":\"https:\\\/\\\/www.sigga.com\\\/wp-content\\\/uploads\\\/2024\\\/04\\\/logo.svg\",\"contentUrl\":\"https:\\\/\\\/www.sigga.com\\\/wp-content\\\/uploads\\\/2024\\\/04\\\/logo.svg\",\"caption\":\"Sigga Technologies\"},\"image\":{\"@id\":\"https:\\\/\\\/www.sigga.com\\\/#\\\/schema\\\/logo\\\/image\\\/\"}}]}<\/script>\n<!-- \/ Yoast SEO plugin. -->","yoast_head_json":{"title":"Artigos - Sigga Technologies","description":"Leia sobre as tend\u00eancias e oportunidades de transforma\u00e7\u00e3o digital em manuten\u00e7\u00e3o e opera\u00e7\u00f5es para maior efici\u00eancia, redu\u00e7\u00e3o de custos e melhoria dos resultados de neg\u00f3cios.","robots":{"index":"index","follow":"follow","max-snippet":"max-snippet:-1","max-image-preview":"max-image-preview:large","max-video-preview":"max-video-preview:-1"},"canonical":"https:\/\/www.sigga.com\/pt-br\/resources\/articles\/","og_locale":"pt_BR","og_type":"article","og_title":"Articles - Sigga Technologies","og_description":"Knowledge is power. Check out our blogs and whitepapers on operations management for asset intensive industries with SAP EAM.","og_url":"https:\/\/www.sigga.com\/pt-br\/resources\/articles\/","og_site_name":"Sigga Technologies","article_modified_time":"2026-04-20T12:33:11+00:00","og_image":[{"width":600,"height":425,"url":"https:\/\/www.sigga.com\/wp-content\/uploads\/2024\/05\/Cover_Article_7-Maintenance-Planning-Mistakes-to-Avoid.jpg","type":"image\/jpeg"}],"twitter_card":"summary_large_image","twitter_misc":{"Est. tempo de leitura":"1 minuto"},"schema":{"@context":"https:\/\/schema.org","@graph":[{"@type":"WebPage","@id":"https:\/\/www.sigga.com\/resources\/articles\/","url":"https:\/\/www.sigga.com\/resources\/articles\/","name":"Artigos - Sigga Technologies","isPartOf":{"@id":"https:\/\/www.sigga.com\/#website"},"primaryImageOfPage":{"@id":"https:\/\/www.sigga.com\/resources\/articles\/#primaryimage"},"image":{"@id":"https:\/\/www.sigga.com\/resources\/articles\/#primaryimage"},"thumbnailUrl":"https:\/\/www.sigga.com\/wp-content\/uploads\/2024\/05\/Cover_Article_7-Maintenance-Planning-Mistakes-to-Avoid.jpg","datePublished":"2025-11-18T11:05:38+00:00","dateModified":"2026-04-20T12:33:11+00:00","description":"Leia sobre as tend\u00eancias e oportunidades de transforma\u00e7\u00e3o digital em manuten\u00e7\u00e3o e opera\u00e7\u00f5es para maior efici\u00eancia, redu\u00e7\u00e3o de custos e melhoria dos resultados de neg\u00f3cios.","breadcrumb":{"@id":"https:\/\/www.sigga.com\/resources\/articles\/#breadcrumb"},"inLanguage":"pt-BR","potentialAction":[{"@type":"ReadAction","target":["https:\/\/www.sigga.com\/resources\/articles\/"]}]},{"@type":"ImageObject","inLanguage":"pt-BR","@id":"https:\/\/www.sigga.com\/resources\/articles\/#primaryimage","url":"https:\/\/www.sigga.com\/wp-content\/uploads\/2024\/05\/Cover_Article_7-Maintenance-Planning-Mistakes-to-Avoid.jpg","contentUrl":"https:\/\/www.sigga.com\/wp-content\/uploads\/2024\/05\/Cover_Article_7-Maintenance-Planning-Mistakes-to-Avoid.jpg","width":600,"height":425},{"@type":"BreadcrumbList","@id":"https:\/\/www.sigga.com\/resources\/articles\/#breadcrumb","itemListElement":[{"@type":"ListItem","position":1,"name":"Home","item":"https:\/\/www.sigga.com\/"},{"@type":"ListItem","position":2,"name":"Resources","item":"https:\/\/www.sigga.com\/resources\/"},{"@type":"ListItem","position":3,"name":"Articles"}]},{"@type":"WebSite","@id":"https:\/\/www.sigga.com\/#website","url":"https:\/\/www.sigga.com\/","name":"Sigga Technologies","description":"","publisher":{"@id":"https:\/\/www.sigga.com\/#organization"},"potentialAction":[{"@type":"SearchAction","target":{"@type":"EntryPoint","urlTemplate":"https:\/\/www.sigga.com\/?s={search_term_string}"},"query-input":{"@type":"PropertyValueSpecification","valueRequired":true,"valueName":"search_term_string"}}],"inLanguage":"pt-BR"},{"@type":"Organization","@id":"https:\/\/www.sigga.com\/#organization","name":"Sigga Technologies","url":"https:\/\/www.sigga.com\/","logo":{"@type":"ImageObject","inLanguage":"pt-BR","@id":"https:\/\/www.sigga.com\/#\/schema\/logo\/image\/","url":"https:\/\/www.sigga.com\/wp-content\/uploads\/2024\/04\/logo.svg","contentUrl":"https:\/\/www.sigga.com\/wp-content\/uploads\/2024\/04\/logo.svg","caption":"Sigga Technologies"},"image":{"@id":"https:\/\/www.sigga.com\/#\/schema\/logo\/image\/"}}]}},"_links":{"self":[{"href":"https:\/\/www.sigga.com\/pt-br\/wp-json\/wp\/v2\/pages\/322498","targetHints":{"allow":["GET"]}}],"collection":[{"href":"https:\/\/www.sigga.com\/pt-br\/wp-json\/wp\/v2\/pages"}],"about":[{"href":"https:\/\/www.sigga.com\/pt-br\/wp-json\/wp\/v2\/types\/page"}],"author":[{"embeddable":true,"href":"https:\/\/www.sigga.com\/pt-br\/wp-json\/wp\/v2\/users\/1"}],"replies":[{"embeddable":true,"href":"https:\/\/www.sigga.com\/pt-br\/wp-json\/wp\/v2\/comments?post=322498"}],"version-history":[{"count":15,"href":"https:\/\/www.sigga.com\/pt-br\/wp-json\/wp\/v2\/pages\/322498\/revisions"}],"predecessor-version":[{"id":328387,"href":"https:\/\/www.sigga.com\/pt-br\/wp-json\/wp\/v2\/pages\/322498\/revisions\/328387"}],"up":[{"embeddable":true,"href":"https:\/\/www.sigga.com\/pt-br\/wp-json\/wp\/v2\/pages\/832"}],"wp:featuredmedia":[{"embeddable":true,"href":"https:\/\/www.sigga.com\/pt-br\/wp-json\/wp\/v2\/media\/892"}],"wp:attachment":[{"href":"https:\/\/www.sigga.com\/pt-br\/wp-json\/wp\/v2\/media?parent=322498"}],"curies":[{"name":"wp","href":"https:\/\/api.w.org\/{rel}","templated":true}]}}