{"id":322678,"date":"2025-11-20T07:24:54","date_gmt":"2025-11-20T07:24:54","guid":{"rendered":"https:\/\/www.sigga.com\/?page_id=322678"},"modified":"2026-04-20T12:54:12","modified_gmt":"2026-04-20T12:54:12","slug":"case-studies","status":"publish","type":"page","link":"https:\/\/www.sigga.com\/pt-br\/resources\/case-studies\/","title":{"rendered":"Cases  De Sucesso"},"content":{"rendered":"","protected":false},"excerpt":{"rendered":"","protected":false},"author":1,"featured_media":944,"parent":832,"menu_order":0,"comment_status":"closed","ping_status":"closed","template":"","meta":{"inline_featured_image":false,"footnotes":""},"class_list":["post-322678","page","type-page","status-publish","has-post-thumbnail","hentry"],"yoast_head":"<!-- This site is optimized with the Yoast SEO plugin v27.3 - https:\/\/yoast.com\/product\/yoast-seo-wordpress\/ -->\n<title>Case Studies | Discover how companies improve maintenance performance with Sigga<\/title>\n<meta name=\"description\" content=\"Discover how companies improve maintenance performance with Sigga. Learn from real-world success stories.\" \/>\n<meta name=\"robots\" content=\"index, follow, max-snippet:-1, max-image-preview:large, max-video-preview:-1\" \/>\n<link rel=\"canonical\" href=\"https:\/\/www.sigga.com\/pt-br\/resources\/case-studies\/\" \/>\n<meta property=\"og:locale\" content=\"pt_BR\" \/>\n<meta property=\"og:type\" content=\"article\" \/>\n<meta property=\"og:title\" content=\"Case Studies | Discover how companies improve maintenance performance with Sigga\" \/>\n<meta property=\"og:description\" content=\"Discover how companies improve maintenance performance with Sigga. Learn from real-world success stories.\" \/>\n<meta property=\"og:url\" content=\"https:\/\/www.sigga.com\/pt-br\/resources\/case-studies\/\" \/>\n<meta property=\"og:site_name\" content=\"Sigga Technologies\" \/>\n<meta property=\"article:modified_time\" content=\"2026-04-20T12:54:12+00:00\" \/>\n<meta property=\"og:image\" content=\"https:\/\/www.sigga.com\/wp-content\/uploads\/2024\/05\/BRF-Shares-Their-Maintenance-Transformation.jpeg\" \/>\n\t<meta property=\"og:image:width\" content=\"400\" \/>\n\t<meta property=\"og:image:height\" content=\"299\" \/>\n\t<meta property=\"og:image:type\" content=\"image\/jpeg\" \/>\n<meta name=\"twitter:card\" content=\"summary_large_image\" \/>\n<meta name=\"twitter:label1\" content=\"Est. tempo de leitura\" \/>\n\t<meta name=\"twitter:data1\" content=\"1 minuto\" \/>\n<script type=\"application\/ld+json\" class=\"yoast-schema-graph\">{\"@context\":\"https:\\\/\\\/schema.org\",\"@graph\":[{\"@type\":\"WebPage\",\"@id\":\"https:\\\/\\\/www.sigga.com\\\/resources\\\/case-studies\\\/\",\"url\":\"https:\\\/\\\/www.sigga.com\\\/resources\\\/case-studies\\\/\",\"name\":\"Case Studies | Discover how companies improve maintenance performance with Sigga\",\"isPartOf\":{\"@id\":\"https:\\\/\\\/www.sigga.com\\\/#website\"},\"primaryImageOfPage\":{\"@id\":\"https:\\\/\\\/www.sigga.com\\\/resources\\\/case-studies\\\/#primaryimage\"},\"image\":{\"@id\":\"https:\\\/\\\/www.sigga.com\\\/resources\\\/case-studies\\\/#primaryimage\"},\"thumbnailUrl\":\"https:\\\/\\\/www.sigga.com\\\/wp-content\\\/uploads\\\/2024\\\/05\\\/BRF-Shares-Their-Maintenance-Transformation.jpeg\",\"datePublished\":\"2025-11-20T07:24:54+00:00\",\"dateModified\":\"2026-04-20T12:54:12+00:00\",\"description\":\"Discover how companies improve maintenance performance with Sigga. Learn from real-world success stories.\",\"breadcrumb\":{\"@id\":\"https:\\\/\\\/www.sigga.com\\\/resources\\\/case-studies\\\/#breadcrumb\"},\"inLanguage\":\"pt-BR\",\"potentialAction\":[{\"@type\":\"ReadAction\",\"target\":[\"https:\\\/\\\/www.sigga.com\\\/resources\\\/case-studies\\\/\"]}]},{\"@type\":\"ImageObject\",\"inLanguage\":\"pt-BR\",\"@id\":\"https:\\\/\\\/www.sigga.com\\\/resources\\\/case-studies\\\/#primaryimage\",\"url\":\"https:\\\/\\\/www.sigga.com\\\/wp-content\\\/uploads\\\/2024\\\/05\\\/BRF-Shares-Their-Maintenance-Transformation.jpeg\",\"contentUrl\":\"https:\\\/\\\/www.sigga.com\\\/wp-content\\\/uploads\\\/2024\\\/05\\\/BRF-Shares-Their-Maintenance-Transformation.jpeg\",\"width\":400,\"height\":299},{\"@type\":\"BreadcrumbList\",\"@id\":\"https:\\\/\\\/www.sigga.com\\\/resources\\\/case-studies\\\/#breadcrumb\",\"itemListElement\":[{\"@type\":\"ListItem\",\"position\":1,\"name\":\"Home\",\"item\":\"https:\\\/\\\/www.sigga.com\\\/\"},{\"@type\":\"ListItem\",\"position\":2,\"name\":\"Resources\",\"item\":\"https:\\\/\\\/www.sigga.com\\\/resources\\\/\"},{\"@type\":\"ListItem\",\"position\":3,\"name\":\"Case Studies\"}]},{\"@type\":\"WebSite\",\"@id\":\"https:\\\/\\\/www.sigga.com\\\/#website\",\"url\":\"https:\\\/\\\/www.sigga.com\\\/\",\"name\":\"Sigga Technologies\",\"description\":\"\",\"publisher\":{\"@id\":\"https:\\\/\\\/www.sigga.com\\\/#organization\"},\"potentialAction\":[{\"@type\":\"SearchAction\",\"target\":{\"@type\":\"EntryPoint\",\"urlTemplate\":\"https:\\\/\\\/www.sigga.com\\\/?s={search_term_string}\"},\"query-input\":{\"@type\":\"PropertyValueSpecification\",\"valueRequired\":true,\"valueName\":\"search_term_string\"}}],\"inLanguage\":\"pt-BR\"},{\"@type\":\"Organization\",\"@id\":\"https:\\\/\\\/www.sigga.com\\\/#organization\",\"name\":\"Sigga Technologies\",\"url\":\"https:\\\/\\\/www.sigga.com\\\/\",\"logo\":{\"@type\":\"ImageObject\",\"inLanguage\":\"pt-BR\",\"@id\":\"https:\\\/\\\/www.sigga.com\\\/#\\\/schema\\\/logo\\\/image\\\/\",\"url\":\"https:\\\/\\\/www.sigga.com\\\/wp-content\\\/uploads\\\/2024\\\/04\\\/logo.svg\",\"contentUrl\":\"https:\\\/\\\/www.sigga.com\\\/wp-content\\\/uploads\\\/2024\\\/04\\\/logo.svg\",\"caption\":\"Sigga Technologies\"},\"image\":{\"@id\":\"https:\\\/\\\/www.sigga.com\\\/#\\\/schema\\\/logo\\\/image\\\/\"}}]}<\/script>\n<!-- \/ Yoast SEO plugin. -->","yoast_head_json":{"title":"Casos de Sucesso | Descubra como empresas melhoram a performance de manuten\u00e7\u00e3o com a Sigga","description":"Descubra como empresas melhoram a performance de manuten\u00e7\u00e3o com a Sigga. Aprenda com casos reais de sucesso.","robots":{"index":"index","follow":"follow","max-snippet":"max-snippet:-1","max-image-preview":"max-image-preview:large","max-video-preview":"max-video-preview:-1"},"canonical":"https:\/\/www.sigga.com\/pt-br\/resources\/case-studies\/","og_locale":"pt_BR","og_type":"article","og_title":"Case Studies | Discover how companies improve maintenance performance with Sigga","og_description":"Discover how companies improve maintenance performance with Sigga. Learn from real-world success stories.","og_url":"https:\/\/www.sigga.com\/pt-br\/resources\/case-studies\/","og_site_name":"Sigga Technologies","article_modified_time":"2026-04-20T12:54:12+00:00","og_image":[{"width":400,"height":299,"url":"https:\/\/www.sigga.com\/wp-content\/uploads\/2024\/05\/BRF-Shares-Their-Maintenance-Transformation.jpeg","type":"image\/jpeg"}],"twitter_card":"summary_large_image","twitter_misc":{"Est. tempo de leitura":"1 minuto"},"schema":{"@context":"https:\/\/schema.org","@graph":[{"@type":"WebPage","@id":"https:\/\/www.sigga.com\/resources\/case-studies\/","url":"https:\/\/www.sigga.com\/resources\/case-studies\/","name":"Casos de Sucesso | Descubra como empresas melhoram a performance de manuten\u00e7\u00e3o com a Sigga","isPartOf":{"@id":"https:\/\/www.sigga.com\/#website"},"primaryImageOfPage":{"@id":"https:\/\/www.sigga.com\/resources\/case-studies\/#primaryimage"},"image":{"@id":"https:\/\/www.sigga.com\/resources\/case-studies\/#primaryimage"},"thumbnailUrl":"https:\/\/www.sigga.com\/wp-content\/uploads\/2024\/05\/BRF-Shares-Their-Maintenance-Transformation.jpeg","datePublished":"2025-11-20T07:24:54+00:00","dateModified":"2026-04-20T12:54:12+00:00","description":"Descubra como empresas melhoram a performance de manuten\u00e7\u00e3o com a Sigga. Aprenda com casos reais de sucesso.","breadcrumb":{"@id":"https:\/\/www.sigga.com\/resources\/case-studies\/#breadcrumb"},"inLanguage":"pt-BR","potentialAction":[{"@type":"ReadAction","target":["https:\/\/www.sigga.com\/resources\/case-studies\/"]}]},{"@type":"ImageObject","inLanguage":"pt-BR","@id":"https:\/\/www.sigga.com\/resources\/case-studies\/#primaryimage","url":"https:\/\/www.sigga.com\/wp-content\/uploads\/2024\/05\/BRF-Shares-Their-Maintenance-Transformation.jpeg","contentUrl":"https:\/\/www.sigga.com\/wp-content\/uploads\/2024\/05\/BRF-Shares-Their-Maintenance-Transformation.jpeg","width":400,"height":299},{"@type":"BreadcrumbList","@id":"https:\/\/www.sigga.com\/resources\/case-studies\/#breadcrumb","itemListElement":[{"@type":"ListItem","position":1,"name":"Home","item":"https:\/\/www.sigga.com\/"},{"@type":"ListItem","position":2,"name":"Resources","item":"https:\/\/www.sigga.com\/resources\/"},{"@type":"ListItem","position":3,"name":"Case Studies"}]},{"@type":"WebSite","@id":"https:\/\/www.sigga.com\/#website","url":"https:\/\/www.sigga.com\/","name":"Sigga Technologies","description":"","publisher":{"@id":"https:\/\/www.sigga.com\/#organization"},"potentialAction":[{"@type":"SearchAction","target":{"@type":"EntryPoint","urlTemplate":"https:\/\/www.sigga.com\/?s={search_term_string}"},"query-input":{"@type":"PropertyValueSpecification","valueRequired":true,"valueName":"search_term_string"}}],"inLanguage":"pt-BR"},{"@type":"Organization","@id":"https:\/\/www.sigga.com\/#organization","name":"Sigga Technologies","url":"https:\/\/www.sigga.com\/","logo":{"@type":"ImageObject","inLanguage":"pt-BR","@id":"https:\/\/www.sigga.com\/#\/schema\/logo\/image\/","url":"https:\/\/www.sigga.com\/wp-content\/uploads\/2024\/04\/logo.svg","contentUrl":"https:\/\/www.sigga.com\/wp-content\/uploads\/2024\/04\/logo.svg","caption":"Sigga Technologies"},"image":{"@id":"https:\/\/www.sigga.com\/#\/schema\/logo\/image\/"}}]}},"_links":{"self":[{"href":"https:\/\/www.sigga.com\/pt-br\/wp-json\/wp\/v2\/pages\/322678","targetHints":{"allow":["GET"]}}],"collection":[{"href":"https:\/\/www.sigga.com\/pt-br\/wp-json\/wp\/v2\/pages"}],"about":[{"href":"https:\/\/www.sigga.com\/pt-br\/wp-json\/wp\/v2\/types\/page"}],"author":[{"embeddable":true,"href":"https:\/\/www.sigga.com\/pt-br\/wp-json\/wp\/v2\/users\/1"}],"replies":[{"embeddable":true,"href":"https:\/\/www.sigga.com\/pt-br\/wp-json\/wp\/v2\/comments?post=322678"}],"version-history":[{"count":11,"href":"https:\/\/www.sigga.com\/pt-br\/wp-json\/wp\/v2\/pages\/322678\/revisions"}],"predecessor-version":[{"id":328392,"href":"https:\/\/www.sigga.com\/pt-br\/wp-json\/wp\/v2\/pages\/322678\/revisions\/328392"}],"up":[{"embeddable":true,"href":"https:\/\/www.sigga.com\/pt-br\/wp-json\/wp\/v2\/pages\/832"}],"wp:featuredmedia":[{"embeddable":true,"href":"https:\/\/www.sigga.com\/pt-br\/wp-json\/wp\/v2\/media\/944"}],"wp:attachment":[{"href":"https:\/\/www.sigga.com\/pt-br\/wp-json\/wp\/v2\/media?parent=322678"}],"curies":[{"name":"wp","href":"https:\/\/api.w.org\/{rel}","templated":true}]}}