{"id":324833,"date":"2026-03-02T05:17:04","date_gmt":"2026-03-02T05:17:04","guid":{"rendered":"https:\/\/www.sigga.com\/?page_id=324833"},"modified":"2026-04-20T13:23:05","modified_gmt":"2026-04-20T13:23:05","slug":"careers","status":"publish","type":"page","link":"https:\/\/www.sigga.com\/pt-br\/company\/careers\/","title":{"rendered":"Carreiras"},"content":{"rendered":"","protected":false},"excerpt":{"rendered":"","protected":false},"author":1,"featured_media":0,"parent":726,"menu_order":0,"comment_status":"closed","ping_status":"closed","template":"","meta":{"inline_featured_image":false,"footnotes":""},"class_list":["post-324833","page","type-page","status-publish","hentry"],"yoast_head":"<!-- This site is optimized with the Yoast SEO plugin v27.3 - https:\/\/yoast.com\/product\/yoast-seo-wordpress\/ -->\n<title>Careers | Join Sigga and help shape the future of maintenance technology<\/title>\n<meta name=\"description\" content=\"Join Sigga Technologies and shape the future of maintenance. Explore career opportunities in a growing tech company.\" \/>\n<meta name=\"robots\" content=\"index, follow, max-snippet:-1, max-image-preview:large, max-video-preview:-1\" \/>\n<link rel=\"canonical\" href=\"https:\/\/www.sigga.com\/pt-br\/company\/careers\/\" \/>\n<meta property=\"og:locale\" content=\"pt_BR\" \/>\n<meta property=\"og:type\" content=\"article\" \/>\n<meta property=\"og:title\" content=\"Careers | Join Sigga and help shape the future of maintenance technology\" \/>\n<meta property=\"og:description\" content=\"Join Sigga Technologies and shape the future of maintenance. Explore career opportunities in a growing tech company.\" \/>\n<meta property=\"og:url\" content=\"https:\/\/www.sigga.com\/pt-br\/company\/careers\/\" \/>\n<meta property=\"og:site_name\" content=\"Sigga Technologies\" \/>\n<meta property=\"article:modified_time\" content=\"2026-04-20T13:23:05+00:00\" \/>\n<meta name=\"twitter:card\" content=\"summary_large_image\" \/>\n<script type=\"application\/ld+json\" class=\"yoast-schema-graph\">{\"@context\":\"https:\\\/\\\/schema.org\",\"@graph\":[{\"@type\":\"WebPage\",\"@id\":\"https:\\\/\\\/www.sigga.com\\\/company\\\/careers\\\/\",\"url\":\"https:\\\/\\\/www.sigga.com\\\/company\\\/careers\\\/\",\"name\":\"Careers | Join Sigga and help shape the future of maintenance technology\",\"isPartOf\":{\"@id\":\"https:\\\/\\\/www.sigga.com\\\/#website\"},\"datePublished\":\"2026-03-02T05:17:04+00:00\",\"dateModified\":\"2026-04-20T13:23:05+00:00\",\"description\":\"Join Sigga Technologies and shape the future of maintenance. Explore career opportunities in a growing tech company.\",\"breadcrumb\":{\"@id\":\"https:\\\/\\\/www.sigga.com\\\/company\\\/careers\\\/#breadcrumb\"},\"inLanguage\":\"pt-BR\",\"potentialAction\":[{\"@type\":\"ReadAction\",\"target\":[\"https:\\\/\\\/www.sigga.com\\\/company\\\/careers\\\/\"]}]},{\"@type\":\"BreadcrumbList\",\"@id\":\"https:\\\/\\\/www.sigga.com\\\/company\\\/careers\\\/#breadcrumb\",\"itemListElement\":[{\"@type\":\"ListItem\",\"position\":1,\"name\":\"Home\",\"item\":\"https:\\\/\\\/www.sigga.com\\\/\"},{\"@type\":\"ListItem\",\"position\":2,\"name\":\"Company\",\"item\":\"https:\\\/\\\/www.sigga.com\\\/company\\\/\"},{\"@type\":\"ListItem\",\"position\":3,\"name\":\"Careers\"}]},{\"@type\":\"WebSite\",\"@id\":\"https:\\\/\\\/www.sigga.com\\\/#website\",\"url\":\"https:\\\/\\\/www.sigga.com\\\/\",\"name\":\"Sigga Technologies\",\"description\":\"\",\"publisher\":{\"@id\":\"https:\\\/\\\/www.sigga.com\\\/#organization\"},\"potentialAction\":[{\"@type\":\"SearchAction\",\"target\":{\"@type\":\"EntryPoint\",\"urlTemplate\":\"https:\\\/\\\/www.sigga.com\\\/?s={search_term_string}\"},\"query-input\":{\"@type\":\"PropertyValueSpecification\",\"valueRequired\":true,\"valueName\":\"search_term_string\"}}],\"inLanguage\":\"pt-BR\"},{\"@type\":\"Organization\",\"@id\":\"https:\\\/\\\/www.sigga.com\\\/#organization\",\"name\":\"Sigga Technologies\",\"url\":\"https:\\\/\\\/www.sigga.com\\\/\",\"logo\":{\"@type\":\"ImageObject\",\"inLanguage\":\"pt-BR\",\"@id\":\"https:\\\/\\\/www.sigga.com\\\/#\\\/schema\\\/logo\\\/image\\\/\",\"url\":\"https:\\\/\\\/www.sigga.com\\\/wp-content\\\/uploads\\\/2024\\\/04\\\/logo.svg\",\"contentUrl\":\"https:\\\/\\\/www.sigga.com\\\/wp-content\\\/uploads\\\/2024\\\/04\\\/logo.svg\",\"caption\":\"Sigga Technologies\"},\"image\":{\"@id\":\"https:\\\/\\\/www.sigga.com\\\/#\\\/schema\\\/logo\\\/image\\\/\"}}]}<\/script>\n<!-- \/ Yoast SEO plugin. -->","yoast_head_json":{"title":"Carreiras | Junte-se \u00e0 Sigga e ajude a moldar o futuro da manuten\u00e7\u00e3o","description":"Junte-se \u00e0 Sigga Technologies e ajude a moldar o futuro da manuten\u00e7\u00e3o. Explore oportunidades em uma empresa de tecnologia em crescimento.","robots":{"index":"index","follow":"follow","max-snippet":"max-snippet:-1","max-image-preview":"max-image-preview:large","max-video-preview":"max-video-preview:-1"},"canonical":"https:\/\/www.sigga.com\/pt-br\/company\/careers\/","og_locale":"pt_BR","og_type":"article","og_title":"Careers | Join Sigga and help shape the future of maintenance technology","og_description":"Join Sigga Technologies and shape the future of maintenance. Explore career opportunities in a growing tech company.","og_url":"https:\/\/www.sigga.com\/pt-br\/company\/careers\/","og_site_name":"Sigga Technologies","article_modified_time":"2026-04-20T13:23:05+00:00","twitter_card":"summary_large_image","schema":{"@context":"https:\/\/schema.org","@graph":[{"@type":"WebPage","@id":"https:\/\/www.sigga.com\/company\/careers\/","url":"https:\/\/www.sigga.com\/company\/careers\/","name":"Carreiras | Junte-se \u00e0 Sigga e ajude a moldar o futuro da manuten\u00e7\u00e3o","isPartOf":{"@id":"https:\/\/www.sigga.com\/#website"},"datePublished":"2026-03-02T05:17:04+00:00","dateModified":"2026-04-20T13:23:05+00:00","description":"Junte-se \u00e0 Sigga Technologies e ajude a moldar o futuro da manuten\u00e7\u00e3o. Explore oportunidades em uma empresa de tecnologia em crescimento.","breadcrumb":{"@id":"https:\/\/www.sigga.com\/company\/careers\/#breadcrumb"},"inLanguage":"pt-BR","potentialAction":[{"@type":"ReadAction","target":["https:\/\/www.sigga.com\/company\/careers\/"]}]},{"@type":"BreadcrumbList","@id":"https:\/\/www.sigga.com\/company\/careers\/#breadcrumb","itemListElement":[{"@type":"ListItem","position":1,"name":"Home","item":"https:\/\/www.sigga.com\/"},{"@type":"ListItem","position":2,"name":"Company","item":"https:\/\/www.sigga.com\/company\/"},{"@type":"ListItem","position":3,"name":"Careers"}]},{"@type":"WebSite","@id":"https:\/\/www.sigga.com\/#website","url":"https:\/\/www.sigga.com\/","name":"Sigga Technologies","description":"","publisher":{"@id":"https:\/\/www.sigga.com\/#organization"},"potentialAction":[{"@type":"SearchAction","target":{"@type":"EntryPoint","urlTemplate":"https:\/\/www.sigga.com\/?s={search_term_string}"},"query-input":{"@type":"PropertyValueSpecification","valueRequired":true,"valueName":"search_term_string"}}],"inLanguage":"pt-BR"},{"@type":"Organization","@id":"https:\/\/www.sigga.com\/#organization","name":"Sigga Technologies","url":"https:\/\/www.sigga.com\/","logo":{"@type":"ImageObject","inLanguage":"pt-BR","@id":"https:\/\/www.sigga.com\/#\/schema\/logo\/image\/","url":"https:\/\/www.sigga.com\/wp-content\/uploads\/2024\/04\/logo.svg","contentUrl":"https:\/\/www.sigga.com\/wp-content\/uploads\/2024\/04\/logo.svg","caption":"Sigga Technologies"},"image":{"@id":"https:\/\/www.sigga.com\/#\/schema\/logo\/image\/"}}]}},"_links":{"self":[{"href":"https:\/\/www.sigga.com\/pt-br\/wp-json\/wp\/v2\/pages\/324833","targetHints":{"allow":["GET"]}}],"collection":[{"href":"https:\/\/www.sigga.com\/pt-br\/wp-json\/wp\/v2\/pages"}],"about":[{"href":"https:\/\/www.sigga.com\/pt-br\/wp-json\/wp\/v2\/types\/page"}],"author":[{"embeddable":true,"href":"https:\/\/www.sigga.com\/pt-br\/wp-json\/wp\/v2\/users\/1"}],"replies":[{"embeddable":true,"href":"https:\/\/www.sigga.com\/pt-br\/wp-json\/wp\/v2\/comments?post=324833"}],"version-history":[{"count":109,"href":"https:\/\/www.sigga.com\/pt-br\/wp-json\/wp\/v2\/pages\/324833\/revisions"}],"predecessor-version":[{"id":328400,"href":"https:\/\/www.sigga.com\/pt-br\/wp-json\/wp\/v2\/pages\/324833\/revisions\/328400"}],"up":[{"embeddable":true,"href":"https:\/\/www.sigga.com\/pt-br\/wp-json\/wp\/v2\/pages\/726"}],"wp:attachment":[{"href":"https:\/\/www.sigga.com\/pt-br\/wp-json\/wp\/v2\/media?parent=324833"}],"curies":[{"name":"wp","href":"https:\/\/api.w.org\/{rel}","templated":true}]}}