{"id":325557,"date":"2026-03-20T10:24:05","date_gmt":"2026-03-20T10:24:05","guid":{"rendered":"https:\/\/www.sigga.com\/?page_id=325557"},"modified":"2026-04-21T05:47:46","modified_gmt":"2026-04-21T05:47:46","slug":"no-code-platform","status":"publish","type":"page","link":"https:\/\/www.sigga.com\/pt-br\/no-code-platform\/","title":{"rendered":"Plataforma No-Code"},"content":{"rendered":"","protected":false},"excerpt":{"rendered":"","protected":false},"author":1,"featured_media":0,"parent":0,"menu_order":0,"comment_status":"closed","ping_status":"closed","template":"","meta":{"inline_featured_image":false,"_et_pb_use_builder":"on","_et_pb_old_content":"","_et_gb_content_width":"","footnotes":""},"class_list":["post-325557","page","type-page","status-publish","hentry"],"yoast_head":"<!-- This site is optimized with the Yoast SEO plugin v27.3 - https:\/\/yoast.com\/product\/yoast-seo-wordpress\/ -->\n<title>No-Code Platform | Build, automate, and adapt processes without coding<\/title>\n<meta name=\"description\" content=\"Build and automate maintenance processes without coding. Increase agility, reduce IT dependency, and accelerate digital transformation.\" \/>\n<meta name=\"robots\" content=\"index, follow, max-snippet:-1, max-image-preview:large, max-video-preview:-1\" \/>\n<link rel=\"canonical\" href=\"https:\/\/www.sigga.com\/pt-br\/no-code-platform\/\" \/>\n<meta property=\"og:locale\" content=\"pt_BR\" \/>\n<meta property=\"og:type\" content=\"article\" \/>\n<meta property=\"og:title\" content=\"No-Code Platform | Build, automate, and adapt processes without coding\" \/>\n<meta property=\"og:description\" content=\"Build and automate maintenance processes without coding. Increase agility, reduce IT dependency, and accelerate digital transformation.\" \/>\n<meta property=\"og:url\" content=\"https:\/\/www.sigga.com\/pt-br\/no-code-platform\/\" \/>\n<meta property=\"og:site_name\" content=\"Sigga Technologies\" \/>\n<meta property=\"article:modified_time\" content=\"2026-04-21T05:47:46+00:00\" \/>\n<meta name=\"twitter:card\" content=\"summary_large_image\" \/>\n<meta name=\"twitter:label1\" content=\"Est. tempo de leitura\" \/>\n\t<meta name=\"twitter:data1\" content=\"1 minuto\" \/>\n<script type=\"application\/ld+json\" class=\"yoast-schema-graph\">{\"@context\":\"https:\\\/\\\/schema.org\",\"@graph\":[{\"@type\":\"WebPage\",\"@id\":\"https:\\\/\\\/www.sigga.com\\\/no-code-platform\\\/\",\"url\":\"https:\\\/\\\/www.sigga.com\\\/no-code-platform\\\/\",\"name\":\"No-Code Platform | Build, automate, and adapt processes without coding\",\"isPartOf\":{\"@id\":\"https:\\\/\\\/www.sigga.com\\\/#website\"},\"datePublished\":\"2026-03-20T10:24:05+00:00\",\"dateModified\":\"2026-04-21T05:47:46+00:00\",\"description\":\"Build and automate maintenance processes without coding. Increase agility, reduce IT dependency, and accelerate digital transformation.\",\"breadcrumb\":{\"@id\":\"https:\\\/\\\/www.sigga.com\\\/no-code-platform\\\/#breadcrumb\"},\"inLanguage\":\"pt-BR\",\"potentialAction\":[{\"@type\":\"ReadAction\",\"target\":[\"https:\\\/\\\/www.sigga.com\\\/no-code-platform\\\/\"]}]},{\"@type\":\"BreadcrumbList\",\"@id\":\"https:\\\/\\\/www.sigga.com\\\/no-code-platform\\\/#breadcrumb\",\"itemListElement\":[{\"@type\":\"ListItem\",\"position\":1,\"name\":\"Home\",\"item\":\"https:\\\/\\\/www.sigga.com\\\/\"},{\"@type\":\"ListItem\",\"position\":2,\"name\":\"No-Code Platform\"}]},{\"@type\":\"WebSite\",\"@id\":\"https:\\\/\\\/www.sigga.com\\\/#website\",\"url\":\"https:\\\/\\\/www.sigga.com\\\/\",\"name\":\"Sigga Technologies\",\"description\":\"\",\"publisher\":{\"@id\":\"https:\\\/\\\/www.sigga.com\\\/#organization\"},\"potentialAction\":[{\"@type\":\"SearchAction\",\"target\":{\"@type\":\"EntryPoint\",\"urlTemplate\":\"https:\\\/\\\/www.sigga.com\\\/?s={search_term_string}\"},\"query-input\":{\"@type\":\"PropertyValueSpecification\",\"valueRequired\":true,\"valueName\":\"search_term_string\"}}],\"inLanguage\":\"pt-BR\"},{\"@type\":\"Organization\",\"@id\":\"https:\\\/\\\/www.sigga.com\\\/#organization\",\"name\":\"Sigga Technologies\",\"url\":\"https:\\\/\\\/www.sigga.com\\\/\",\"logo\":{\"@type\":\"ImageObject\",\"inLanguage\":\"pt-BR\",\"@id\":\"https:\\\/\\\/www.sigga.com\\\/#\\\/schema\\\/logo\\\/image\\\/\",\"url\":\"https:\\\/\\\/www.sigga.com\\\/wp-content\\\/uploads\\\/2024\\\/04\\\/logo.svg\",\"contentUrl\":\"https:\\\/\\\/www.sigga.com\\\/wp-content\\\/uploads\\\/2024\\\/04\\\/logo.svg\",\"caption\":\"Sigga Technologies\"},\"image\":{\"@id\":\"https:\\\/\\\/www.sigga.com\\\/#\\\/schema\\\/logo\\\/image\\\/\"}}]}<\/script>\n<!-- \/ Yoast SEO plugin. -->","yoast_head_json":{"title":"Plataforma no-code | Construa, automatize e adapte processos sem programa\u00e7\u00e3o","description":"Construa e automatize processos de manuten\u00e7\u00e3o sem programa\u00e7\u00e3o. Aumente a agilidade, reduza a depend\u00eancia de TI e acelere a transforma\u00e7\u00e3o digital.","robots":{"index":"index","follow":"follow","max-snippet":"max-snippet:-1","max-image-preview":"max-image-preview:large","max-video-preview":"max-video-preview:-1"},"canonical":"https:\/\/www.sigga.com\/pt-br\/no-code-platform\/","og_locale":"pt_BR","og_type":"article","og_title":"No-Code Platform | Build, automate, and adapt processes without coding","og_description":"Build and automate maintenance processes without coding. Increase agility, reduce IT dependency, and accelerate digital transformation.","og_url":"https:\/\/www.sigga.com\/pt-br\/no-code-platform\/","og_site_name":"Sigga Technologies","article_modified_time":"2026-04-21T05:47:46+00:00","twitter_card":"summary_large_image","twitter_misc":{"Est. tempo de leitura":"1 minuto"},"schema":{"@context":"https:\/\/schema.org","@graph":[{"@type":"WebPage","@id":"https:\/\/www.sigga.com\/no-code-platform\/","url":"https:\/\/www.sigga.com\/no-code-platform\/","name":"Plataforma no-code | Construa, automatize e adapte processos sem programa\u00e7\u00e3o","isPartOf":{"@id":"https:\/\/www.sigga.com\/#website"},"datePublished":"2026-03-20T10:24:05+00:00","dateModified":"2026-04-21T05:47:46+00:00","description":"Construa e automatize processos de manuten\u00e7\u00e3o sem programa\u00e7\u00e3o. Aumente a agilidade, reduza a depend\u00eancia de TI e acelere a transforma\u00e7\u00e3o digital.","breadcrumb":{"@id":"https:\/\/www.sigga.com\/no-code-platform\/#breadcrumb"},"inLanguage":"pt-BR","potentialAction":[{"@type":"ReadAction","target":["https:\/\/www.sigga.com\/no-code-platform\/"]}]},{"@type":"BreadcrumbList","@id":"https:\/\/www.sigga.com\/no-code-platform\/#breadcrumb","itemListElement":[{"@type":"ListItem","position":1,"name":"Home","item":"https:\/\/www.sigga.com\/"},{"@type":"ListItem","position":2,"name":"No-Code Platform"}]},{"@type":"WebSite","@id":"https:\/\/www.sigga.com\/#website","url":"https:\/\/www.sigga.com\/","name":"Sigga Technologies","description":"","publisher":{"@id":"https:\/\/www.sigga.com\/#organization"},"potentialAction":[{"@type":"SearchAction","target":{"@type":"EntryPoint","urlTemplate":"https:\/\/www.sigga.com\/?s={search_term_string}"},"query-input":{"@type":"PropertyValueSpecification","valueRequired":true,"valueName":"search_term_string"}}],"inLanguage":"pt-BR"},{"@type":"Organization","@id":"https:\/\/www.sigga.com\/#organization","name":"Sigga Technologies","url":"https:\/\/www.sigga.com\/","logo":{"@type":"ImageObject","inLanguage":"pt-BR","@id":"https:\/\/www.sigga.com\/#\/schema\/logo\/image\/","url":"https:\/\/www.sigga.com\/wp-content\/uploads\/2024\/04\/logo.svg","contentUrl":"https:\/\/www.sigga.com\/wp-content\/uploads\/2024\/04\/logo.svg","caption":"Sigga Technologies"},"image":{"@id":"https:\/\/www.sigga.com\/#\/schema\/logo\/image\/"}}]}},"_links":{"self":[{"href":"https:\/\/www.sigga.com\/pt-br\/wp-json\/wp\/v2\/pages\/325557","targetHints":{"allow":["GET"]}}],"collection":[{"href":"https:\/\/www.sigga.com\/pt-br\/wp-json\/wp\/v2\/pages"}],"about":[{"href":"https:\/\/www.sigga.com\/pt-br\/wp-json\/wp\/v2\/types\/page"}],"author":[{"embeddable":true,"href":"https:\/\/www.sigga.com\/pt-br\/wp-json\/wp\/v2\/users\/1"}],"replies":[{"embeddable":true,"href":"https:\/\/www.sigga.com\/pt-br\/wp-json\/wp\/v2\/comments?post=325557"}],"version-history":[{"count":65,"href":"https:\/\/www.sigga.com\/pt-br\/wp-json\/wp\/v2\/pages\/325557\/revisions"}],"predecessor-version":[{"id":328421,"href":"https:\/\/www.sigga.com\/pt-br\/wp-json\/wp\/v2\/pages\/325557\/revisions\/328421"}],"wp:attachment":[{"href":"https:\/\/www.sigga.com\/pt-br\/wp-json\/wp\/v2\/media?parent=325557"}],"curies":[{"name":"wp","href":"https:\/\/api.w.org\/{rel}","templated":true}]}}