{"id":325784,"date":"2026-03-21T10:28:46","date_gmt":"2026-03-21T10:28:46","guid":{"rendered":"https:\/\/www.sigga.com\/?page_id=325784"},"modified":"2026-04-20T13:26:02","modified_gmt":"2026-04-20T13:26:02","slug":"oil-gas","status":"publish","type":"page","link":"https:\/\/www.sigga.com\/pt-br\/industries\/oil-gas\/","title":{"rendered":"Petr\u00f3leo &amp; G\u00e1s"},"content":{"rendered":"","protected":false},"excerpt":{"rendered":"","protected":false},"author":1,"featured_media":0,"parent":384,"menu_order":0,"comment_status":"closed","ping_status":"closed","template":"","meta":{"inline_featured_image":false,"footnotes":""},"class_list":["post-325784","page","type-page","status-publish","hentry"],"yoast_head":"<!-- This site is optimized with the Yoast SEO plugin v27.3 - https:\/\/yoast.com\/product\/yoast-seo-wordpress\/ -->\n<title>Oil &amp; Gas | Improve asset reliability and operational efficiency in complex environments<\/title>\n<meta name=\"description\" content=\"Improve asset reliability and operational efficiency in oil and gas. Manage complex environments with advanced maintenance solutions.\" \/>\n<meta name=\"robots\" content=\"index, follow, max-snippet:-1, max-image-preview:large, max-video-preview:-1\" \/>\n<link rel=\"canonical\" href=\"https:\/\/www.sigga.com\/pt-br\/industries\/oil-gas\/\" \/>\n<meta property=\"og:locale\" content=\"pt_BR\" \/>\n<meta property=\"og:type\" content=\"article\" \/>\n<meta property=\"og:title\" content=\"Oil &amp; Gas | Improve asset reliability and operational efficiency in complex environments\" \/>\n<meta property=\"og:description\" content=\"Improve asset reliability and operational efficiency in oil and gas. Manage complex environments with advanced maintenance solutions.\" \/>\n<meta property=\"og:url\" content=\"https:\/\/www.sigga.com\/pt-br\/industries\/oil-gas\/\" \/>\n<meta property=\"og:site_name\" content=\"Sigga Technologies\" \/>\n<meta property=\"article:modified_time\" content=\"2026-04-20T13:26:02+00:00\" \/>\n<meta name=\"twitter:card\" content=\"summary_large_image\" \/>\n<script type=\"application\/ld+json\" class=\"yoast-schema-graph\">{\"@context\":\"https:\\\/\\\/schema.org\",\"@graph\":[{\"@type\":\"WebPage\",\"@id\":\"https:\\\/\\\/www.sigga.com\\\/industries\\\/oil-gas\\\/\",\"url\":\"https:\\\/\\\/www.sigga.com\\\/industries\\\/oil-gas\\\/\",\"name\":\"Oil & Gas | Improve asset reliability and operational efficiency in complex environments\",\"isPartOf\":{\"@id\":\"https:\\\/\\\/www.sigga.com\\\/#website\"},\"datePublished\":\"2026-03-21T10:28:46+00:00\",\"dateModified\":\"2026-04-20T13:26:02+00:00\",\"description\":\"Improve asset reliability and operational efficiency in oil and gas. Manage complex environments with advanced maintenance solutions.\",\"breadcrumb\":{\"@id\":\"https:\\\/\\\/www.sigga.com\\\/industries\\\/oil-gas\\\/#breadcrumb\"},\"inLanguage\":\"pt-BR\",\"potentialAction\":[{\"@type\":\"ReadAction\",\"target\":[\"https:\\\/\\\/www.sigga.com\\\/industries\\\/oil-gas\\\/\"]}]},{\"@type\":\"BreadcrumbList\",\"@id\":\"https:\\\/\\\/www.sigga.com\\\/industries\\\/oil-gas\\\/#breadcrumb\",\"itemListElement\":[{\"@type\":\"ListItem\",\"position\":1,\"name\":\"Home\",\"item\":\"https:\\\/\\\/www.sigga.com\\\/\"},{\"@type\":\"ListItem\",\"position\":2,\"name\":\"Industries\",\"item\":\"https:\\\/\\\/www.sigga.com\\\/industries\\\/\"},{\"@type\":\"ListItem\",\"position\":3,\"name\":\"Oil &#038; Gas\"}]},{\"@type\":\"WebSite\",\"@id\":\"https:\\\/\\\/www.sigga.com\\\/#website\",\"url\":\"https:\\\/\\\/www.sigga.com\\\/\",\"name\":\"Sigga Technologies\",\"description\":\"\",\"publisher\":{\"@id\":\"https:\\\/\\\/www.sigga.com\\\/#organization\"},\"potentialAction\":[{\"@type\":\"SearchAction\",\"target\":{\"@type\":\"EntryPoint\",\"urlTemplate\":\"https:\\\/\\\/www.sigga.com\\\/?s={search_term_string}\"},\"query-input\":{\"@type\":\"PropertyValueSpecification\",\"valueRequired\":true,\"valueName\":\"search_term_string\"}}],\"inLanguage\":\"pt-BR\"},{\"@type\":\"Organization\",\"@id\":\"https:\\\/\\\/www.sigga.com\\\/#organization\",\"name\":\"Sigga Technologies\",\"url\":\"https:\\\/\\\/www.sigga.com\\\/\",\"logo\":{\"@type\":\"ImageObject\",\"inLanguage\":\"pt-BR\",\"@id\":\"https:\\\/\\\/www.sigga.com\\\/#\\\/schema\\\/logo\\\/image\\\/\",\"url\":\"https:\\\/\\\/www.sigga.com\\\/wp-content\\\/uploads\\\/2024\\\/04\\\/logo.svg\",\"contentUrl\":\"https:\\\/\\\/www.sigga.com\\\/wp-content\\\/uploads\\\/2024\\\/04\\\/logo.svg\",\"caption\":\"Sigga Technologies\"},\"image\":{\"@id\":\"https:\\\/\\\/www.sigga.com\\\/#\\\/schema\\\/logo\\\/image\\\/\"}}]}<\/script>\n<!-- \/ Yoast SEO plugin. -->","yoast_head_json":{"title":"\u00d3leo e G\u00e1s | Melhore a confiabilidade dos ativos e a efici\u00eancia operacional em ambientes complexos","description":"Melhore a confiabilidade dos ativos e a efici\u00eancia operacional em \u00f3leo e g\u00e1s. Gerencie ambientes complexos com solu\u00e7\u00f5es avan\u00e7adas de manuten\u00e7\u00e3o.","robots":{"index":"index","follow":"follow","max-snippet":"max-snippet:-1","max-image-preview":"max-image-preview:large","max-video-preview":"max-video-preview:-1"},"canonical":"https:\/\/www.sigga.com\/pt-br\/industries\/oil-gas\/","og_locale":"pt_BR","og_type":"article","og_title":"Oil & Gas | Improve asset reliability and operational efficiency in complex environments","og_description":"Improve asset reliability and operational efficiency in oil and gas. Manage complex environments with advanced maintenance solutions.","og_url":"https:\/\/www.sigga.com\/pt-br\/industries\/oil-gas\/","og_site_name":"Sigga Technologies","article_modified_time":"2026-04-20T13:26:02+00:00","twitter_card":"summary_large_image","schema":{"@context":"https:\/\/schema.org","@graph":[{"@type":"WebPage","@id":"https:\/\/www.sigga.com\/industries\/oil-gas\/","url":"https:\/\/www.sigga.com\/industries\/oil-gas\/","name":"\u00d3leo e G\u00e1s | Melhore a confiabilidade dos ativos e a efici\u00eancia operacional em ambientes complexos","isPartOf":{"@id":"https:\/\/www.sigga.com\/#website"},"datePublished":"2026-03-21T10:28:46+00:00","dateModified":"2026-04-20T13:26:02+00:00","description":"Melhore a confiabilidade dos ativos e a efici\u00eancia operacional em \u00f3leo e g\u00e1s. Gerencie ambientes complexos com solu\u00e7\u00f5es avan\u00e7adas de manuten\u00e7\u00e3o.","breadcrumb":{"@id":"https:\/\/www.sigga.com\/industries\/oil-gas\/#breadcrumb"},"inLanguage":"pt-BR","potentialAction":[{"@type":"ReadAction","target":["https:\/\/www.sigga.com\/industries\/oil-gas\/"]}]},{"@type":"BreadcrumbList","@id":"https:\/\/www.sigga.com\/industries\/oil-gas\/#breadcrumb","itemListElement":[{"@type":"ListItem","position":1,"name":"Home","item":"https:\/\/www.sigga.com\/"},{"@type":"ListItem","position":2,"name":"Industries","item":"https:\/\/www.sigga.com\/industries\/"},{"@type":"ListItem","position":3,"name":"Oil &#038; Gas"}]},{"@type":"WebSite","@id":"https:\/\/www.sigga.com\/#website","url":"https:\/\/www.sigga.com\/","name":"Sigga Technologies","description":"","publisher":{"@id":"https:\/\/www.sigga.com\/#organization"},"potentialAction":[{"@type":"SearchAction","target":{"@type":"EntryPoint","urlTemplate":"https:\/\/www.sigga.com\/?s={search_term_string}"},"query-input":{"@type":"PropertyValueSpecification","valueRequired":true,"valueName":"search_term_string"}}],"inLanguage":"pt-BR"},{"@type":"Organization","@id":"https:\/\/www.sigga.com\/#organization","name":"Sigga Technologies","url":"https:\/\/www.sigga.com\/","logo":{"@type":"ImageObject","inLanguage":"pt-BR","@id":"https:\/\/www.sigga.com\/#\/schema\/logo\/image\/","url":"https:\/\/www.sigga.com\/wp-content\/uploads\/2024\/04\/logo.svg","contentUrl":"https:\/\/www.sigga.com\/wp-content\/uploads\/2024\/04\/logo.svg","caption":"Sigga Technologies"},"image":{"@id":"https:\/\/www.sigga.com\/#\/schema\/logo\/image\/"}}]}},"_links":{"self":[{"href":"https:\/\/www.sigga.com\/pt-br\/wp-json\/wp\/v2\/pages\/325784","targetHints":{"allow":["GET"]}}],"collection":[{"href":"https:\/\/www.sigga.com\/pt-br\/wp-json\/wp\/v2\/pages"}],"about":[{"href":"https:\/\/www.sigga.com\/pt-br\/wp-json\/wp\/v2\/types\/page"}],"author":[{"embeddable":true,"href":"https:\/\/www.sigga.com\/pt-br\/wp-json\/wp\/v2\/users\/1"}],"replies":[{"embeddable":true,"href":"https:\/\/www.sigga.com\/pt-br\/wp-json\/wp\/v2\/comments?post=325784"}],"version-history":[{"count":46,"href":"https:\/\/www.sigga.com\/pt-br\/wp-json\/wp\/v2\/pages\/325784\/revisions"}],"predecessor-version":[{"id":328401,"href":"https:\/\/www.sigga.com\/pt-br\/wp-json\/wp\/v2\/pages\/325784\/revisions\/328401"}],"up":[{"embeddable":true,"href":"https:\/\/www.sigga.com\/pt-br\/wp-json\/wp\/v2\/pages\/384"}],"wp:attachment":[{"href":"https:\/\/www.sigga.com\/pt-br\/wp-json\/wp\/v2\/media?parent=325784"}],"curies":[{"name":"wp","href":"https:\/\/api.w.org\/{rel}","templated":true}]}}